{"id":59,"date":"2020-11-27T10:43:44","date_gmt":"2020-11-27T10:43:44","guid":{"rendered":"https:\/\/abinova.es\/?page_id=59"},"modified":"2021-10-20T09:23:23","modified_gmt":"2021-10-20T09:23:23","slug":"promociones","status":"publish","type":"page","link":"https:\/\/abinova.es\/?page_id=59","title":{"rendered":"Promociones"},"content":{"rendered":"\t\t<div data-elementor-type=\"wp-page\" data-elementor-id=\"59\" class=\"elementor elementor-59\" data-elementor-settings=\"[]\">\n\t\t\t\t\t\t<div class=\"elementor-inner\">\n\t\t\t\t\t\t\t<div class=\"elementor-section-wrap\">\n\t\t\t\t\t\t\t<section class=\"elementor-section elementor-top-section elementor-element elementor-element-282741c elementor-section-boxed elementor-section-height-default elementor-section-height-default\" data-id=\"282741c\" data-element_type=\"section\">\n\t\t\t\t\t\t<div class=\"elementor-container elementor-column-gap-default\">\n\t\t\t\t\t\t\t<div class=\"elementor-row\">\n\t\t\t\t\t<div class=\"elementor-column elementor-col-100 elementor-top-column elementor-element elementor-element-5031a16\" data-id=\"5031a16\" data-element_type=\"column\">\n\t\t\t<div class=\"elementor-column-wrap elementor-element-populated\">\n\t\t\t\t\t\t\t<div class=\"elementor-widget-wrap\">\n\t\t\t\t\t\t<div class=\"elementor-element elementor-element-bb92998 elementor-widget elementor-widget-text-editor\" data-id=\"bb92998\" data-element_type=\"widget\" data-widget_type=\"text-editor.default\">\n\t\t\t\t<div class=\"elementor-widget-container\">\n\t\t\t\t\t\t\t\t<div class=\"elementor-text-editor elementor-clearfix\">\n\t\t\t\t<p><img loading=\"lazy\" class=\" wp-image-303 alignleft\" src=\"https:\/\/abinova.es\/wp-content\/uploads\/2021\/10\/IMG-3759-2-225x300.jpg\" alt=\"\" width=\"256\" height=\"341\" srcset=\"https:\/\/abinova.es\/wp-content\/uploads\/2021\/10\/IMG-3759-2-225x300.jpg 225w, https:\/\/abinova.es\/wp-content\/uploads\/2021\/10\/IMG-3759-2-768x1024.jpg 768w, https:\/\/abinova.es\/wp-content\/uploads\/2021\/10\/IMG-3759-2-1152x1536.jpg 1152w, https:\/\/abinova.es\/wp-content\/uploads\/2021\/10\/IMG-3759-2-1536x2048.jpg 1536w, https:\/\/abinova.es\/wp-content\/uploads\/2021\/10\/IMG-3759-2-640x853.jpg 640w, https:\/\/abinova.es\/wp-content\/uploads\/2021\/10\/IMG-3759-2-scaled.jpg 1920w\" sizes=\"(max-width: 256px) 100vw, 256px\" \/><strong>ABINOVA<\/strong> est\u00e1 al frente de un <strong>innovador proyecto urban\u00edstico<\/strong> en pleno centro de la ciudad de <strong>Pontevedra<\/strong>, mediante la construcci\u00f3n de <strong>un modern\u00edsimo y eficiente edificio de viviendas de m\u00e1ximo confort<\/strong> a ubicar en el n\u00famero 8 de la calle Virgen del Camino, con ventajas inmejorables como acceso a trav\u00e9s de una calle peatonal, totalmente equipado con dom\u00f3tica, suelo radiante, recuperador de\u00a0 calor, fachada ventilada, garaje adaptado a veh\u00edculos el\u00e9ctricos e h\u00edbridos enchufables (dos plazas por vivienda), local comercial\u2026<\/p>\t\t\t\t\t<\/div>\n\t\t\t\t\t\t<\/div>\n\t\t\t\t<\/div>\n\t\t\t\t\t\t<\/div>\n\t\t\t\t\t<\/div>\n\t\t<\/div>\n\t\t\t\t\t\t\t\t<\/div>\n\t\t\t\t\t<\/div>\n\t\t<\/section>\n\t\t\t\t<section class=\"elementor-section elementor-top-section elementor-element elementor-element-350f30f elementor-section-boxed elementor-section-height-default elementor-section-height-default\" data-id=\"350f30f\" data-element_type=\"section\">\n\t\t\t\t\t\t<div class=\"elementor-container elementor-column-gap-default\">\n\t\t\t\t\t\t\t<div class=\"elementor-row\">\n\t\t\t\t\t<div class=\"elementor-column elementor-col-25 elementor-top-column elementor-element elementor-element-d84783e\" data-id=\"d84783e\" data-element_type=\"column\">\n\t\t\t<div class=\"elementor-column-wrap elementor-element-populated\">\n\t\t\t\t\t\t\t<div class=\"elementor-widget-wrap\">\n\t\t\t\t\t\t<div class=\"elementor-element elementor-element-b4282a5 elementor-align-center elementor-widget elementor-widget-button\" data-id=\"b4282a5\" data-element_type=\"widget\" data-widget_type=\"button.default\">\n\t\t\t\t<div class=\"elementor-widget-container\">\n\t\t\t\t\t<div class=\"elementor-button-wrapper\">\n\t\t\t<a href=\"https:\/\/abinova.es\/?page_id=213#jp-carousel-214\" class=\"elementor-button-link elementor-button elementor-size-sm\" role=\"button\">\n\t\t\t\t\t\t<span class=\"elementor-button-content-wrapper\">\n\t\t\t\t\t\t<span class=\"elementor-button-text\">Ver infograf\u00edas<\/span>\n\t\t<\/span>\n\t\t\t\t\t<\/a>\n\t\t<\/div>\n\t\t\t\t<\/div>\n\t\t\t\t<\/div>\n\t\t\t\t\t\t<\/div>\n\t\t\t\t\t<\/div>\n\t\t<\/div>\n\t\t\t\t<div class=\"elementor-column elementor-col-25 elementor-top-column elementor-element elementor-element-4244d75\" data-id=\"4244d75\" data-element_type=\"column\">\n\t\t\t<div class=\"elementor-column-wrap elementor-element-populated\">\n\t\t\t\t\t\t\t<div class=\"elementor-widget-wrap\">\n\t\t\t\t\t\t<div class=\"elementor-element elementor-element-eb32543 elementor-align-center elementor-widget elementor-widget-button\" data-id=\"eb32543\" data-element_type=\"widget\" data-widget_type=\"button.default\">\n\t\t\t\t<div class=\"elementor-widget-container\">\n\t\t\t\t\t<div class=\"elementor-button-wrapper\">\n\t\t\t<a href=\"https:\/\/abinova.es\/PLANOS20102021.pdf\" class=\"elementor-button-link elementor-button elementor-size-sm\" role=\"button\">\n\t\t\t\t\t\t<span class=\"elementor-button-content-wrapper\">\n\t\t\t\t\t\t<span class=\"elementor-button-text\">Ver planos<\/span>\n\t\t<\/span>\n\t\t\t\t\t<\/a>\n\t\t<\/div>\n\t\t\t\t<\/div>\n\t\t\t\t<\/div>\n\t\t\t\t\t\t<\/div>\n\t\t\t\t\t<\/div>\n\t\t<\/div>\n\t\t\t\t<div class=\"elementor-column elementor-col-25 elementor-top-column elementor-element elementor-element-de53788\" data-id=\"de53788\" data-element_type=\"column\">\n\t\t\t<div class=\"elementor-column-wrap elementor-element-populated\">\n\t\t\t\t\t\t\t<div class=\"elementor-widget-wrap\">\n\t\t\t\t\t\t<div class=\"elementor-element elementor-element-89cb35a elementor-align-center elementor-widget elementor-widget-button\" data-id=\"89cb35a\" data-element_type=\"widget\" data-widget_type=\"button.default\">\n\t\t\t\t<div class=\"elementor-widget-container\">\n\t\t\t\t\t<div class=\"elementor-button-wrapper\">\n\t\t\t<a href=\"https:\/\/abinova.es\/?page_id=200\" class=\"elementor-button-link elementor-button elementor-size-sm\" role=\"button\">\n\t\t\t\t\t\t<span class=\"elementor-button-content-wrapper\">\n\t\t\t\t\t\t<span class=\"elementor-button-text\">Ver ubicaci\u00f3n<\/span>\n\t\t<\/span>\n\t\t\t\t\t<\/a>\n\t\t<\/div>\n\t\t\t\t<\/div>\n\t\t\t\t<\/div>\n\t\t\t\t\t\t<\/div>\n\t\t\t\t\t<\/div>\n\t\t<\/div>\n\t\t\t\t<div class=\"elementor-column elementor-col-25 elementor-top-column elementor-element elementor-element-447e87b\" data-id=\"447e87b\" data-element_type=\"column\">\n\t\t\t<div class=\"elementor-column-wrap elementor-element-populated\">\n\t\t\t\t\t\t\t<div class=\"elementor-widget-wrap\">\n\t\t\t\t\t\t<div class=\"elementor-element elementor-element-3aad22b elementor-align-center elementor-widget elementor-widget-button\" data-id=\"3aad22b\" data-element_type=\"widget\" data-widget_type=\"button.default\">\n\t\t\t\t<div class=\"elementor-widget-container\">\n\t\t\t\t\t<div class=\"elementor-button-wrapper\">\n\t\t\t<a href=\"https:\/\/abinova.es\/?page_id=241\" class=\"elementor-button-link elementor-button elementor-size-sm\" role=\"button\">\n\t\t\t\t\t\t<span class=\"elementor-button-content-wrapper\">\n\t\t\t\t\t\t<span class=\"elementor-button-text\">Ver v\u00eddeo<\/span>\n\t\t<\/span>\n\t\t\t\t\t<\/a>\n\t\t<\/div>\n\t\t\t\t<\/div>\n\t\t\t\t<\/div>\n\t\t\t\t\t\t<\/div>\n\t\t\t\t\t<\/div>\n\t\t<\/div>\n\t\t\t\t\t\t\t\t<\/div>\n\t\t\t\t\t<\/div>\n\t\t<\/section>\n\t\t\t\t\t\t<\/div>\n\t\t\t\t\t\t<\/div>\n\t\t\t\t\t<\/div>\n\t\t","protected":false},"excerpt":{"rendered":"<p>ABINOVA est\u00e1 al frente de un innovador proyecto urban\u00edstico en pleno centro de la ciudad de Pontevedra, mediante la construcci\u00f3n de un modern\u00edsimo y eficiente edificio de viviendas de m\u00e1ximo<\/p>\n<p class=\"more-link\"><a href=\"https:\/\/abinova.es\/?page_id=59\" class=\"readmore\">Seguir leyendo&#8230;<span class=\"screen-reader-text\">Promociones<\/span><\/a><\/p>\n","protected":false},"author":1,"featured_media":0,"parent":0,"menu_order":0,"comment_status":"closed","ping_status":"closed","template":"templates\/no-sidebar.php","meta":[],"_links":{"self":[{"href":"https:\/\/abinova.es\/index.php?rest_route=\/wp\/v2\/pages\/59"}],"collection":[{"href":"https:\/\/abinova.es\/index.php?rest_route=\/wp\/v2\/pages"}],"about":[{"href":"https:\/\/abinova.es\/index.php?rest_route=\/wp\/v2\/types\/page"}],"author":[{"embeddable":true,"href":"https:\/\/abinova.es\/index.php?rest_route=\/wp\/v2\/users\/1"}],"replies":[{"embeddable":true,"href":"https:\/\/abinova.es\/index.php?rest_route=%2Fwp%2Fv2%2Fcomments&post=59"}],"version-history":[{"count":63,"href":"https:\/\/abinova.es\/index.php?rest_route=\/wp\/v2\/pages\/59\/revisions"}],"predecessor-version":[{"id":315,"href":"https:\/\/abinova.es\/index.php?rest_route=\/wp\/v2\/pages\/59\/revisions\/315"}],"wp:attachment":[{"href":"https:\/\/abinova.es\/index.php?rest_route=%2Fwp%2Fv2%2Fmedia&parent=59"}],"curies":[{"name":"wp","href":"https:\/\/api.w.org\/{rel}","templated":true}]}}