{"id":14,"date":"2020-11-27T09:52:25","date_gmt":"2020-11-27T09:52:25","guid":{"rendered":"https:\/\/abinova.es\/?page_id=14"},"modified":"2021-01-19T16:30:03","modified_gmt":"2021-01-19T16:30:03","slug":"contacto","status":"publish","type":"page","link":"https:\/\/abinova.es\/?page_id=14","title":{"rendered":"Contacto"},"content":{"rendered":"\r\n<p>Le atenderemos en horario de 09.00 horas a 20.00 horas de lunes a viernes, a trav\u00e9s del n\u00famero de tel\u00e9fono <strong>689 03 94 83<\/strong> o en el correo electr\u00f3nico <strong>info@abinova.es<\/strong>.<\/p>\r\n<p>En ambos medios facilitados, Vd. recibir\u00e1 una atenci\u00f3n personalizada y podr\u00e1 concertar la correspondiente reuni\u00f3n con los responsables de ABINOVA para ser informado de cuantos detalles le interesen del inmueble, as\u00ed como para obtener asesoramiento e iniciar las gestiones necesarias para adquirir su futuro hogar en pleno centro de Pontevedra.<\/p>\r\n<p>Le acompa\u00f1aremos en cada paso, tanto antes como despu\u00e9s de su decisi\u00f3n de compra.<\/p>\r\n<p><strong>ABINOVA PROMOCIONES INMOBILIARIAS SL<\/strong><\/p>\r\n\r\n\r\n\r\n<p><strong>Direcci\u00f3n:<\/strong><\/p>\r\n\r\n\r\n\r\n<p>Alcouce, n\u00ba 34, Nave<\/p>\r\n\r\n\r\n\r\n<p>36140 Figueirido-Vilaboa (Pontevedra)<\/p>\r\n\r\n\r\n\r\n\r\n\r\n<p>&nbsp;<\/p>","protected":false},"excerpt":{"rendered":"<p>Le atenderemos en horario de 09.00 horas a 20.00 horas de lunes a viernes, a trav\u00e9s del n\u00famero de tel\u00e9fono 689 03 94 83 o en el correo electr\u00f3nico info@abinova.es.<\/p>\n<p class=\"more-link\"><a href=\"https:\/\/abinova.es\/?page_id=14\" class=\"readmore\">Seguir leyendo&#8230;<span class=\"screen-reader-text\">Contacto<\/span><\/a><\/p>\n","protected":false},"author":1,"featured_media":0,"parent":0,"menu_order":0,"comment_status":"closed","ping_status":"closed","template":"templates\/no-sidebar.php","meta":[],"_links":{"self":[{"href":"https:\/\/abinova.es\/index.php?rest_route=\/wp\/v2\/pages\/14"}],"collection":[{"href":"https:\/\/abinova.es\/index.php?rest_route=\/wp\/v2\/pages"}],"about":[{"href":"https:\/\/abinova.es\/index.php?rest_route=\/wp\/v2\/types\/page"}],"author":[{"embeddable":true,"href":"https:\/\/abinova.es\/index.php?rest_route=\/wp\/v2\/users\/1"}],"replies":[{"embeddable":true,"href":"https:\/\/abinova.es\/index.php?rest_route=%2Fwp%2Fv2%2Fcomments&post=14"}],"version-history":[{"count":6,"href":"https:\/\/abinova.es\/index.php?rest_route=\/wp\/v2\/pages\/14\/revisions"}],"predecessor-version":[{"id":185,"href":"https:\/\/abinova.es\/index.php?rest_route=\/wp\/v2\/pages\/14\/revisions\/185"}],"wp:attachment":[{"href":"https:\/\/abinova.es\/index.php?rest_route=%2Fwp%2Fv2%2Fmedia&parent=14"}],"curies":[{"name":"wp","href":"https:\/\/api.w.org\/{rel}","templated":true}]}}